{"id":255,"date":"2025-01-20T15:38:46","date_gmt":"2025-01-20T15:38:46","guid":{"rendered":"https:\/\/www.adnets.fr\/terms-and-conditions\/"},"modified":"2025-04-10T09:01:17","modified_gmt":"2025-04-10T09:01:17","slug":"terms-and-conditions","status":"publish","type":"page","link":"https:\/\/www.adnets.fr\/fr\/terms-and-conditions\/","title":{"rendered":"Conditions G\u00e9n\u00e9rales"},"content":{"rendered":"<div data-elementor-type=\"wp-page\" data-elementor-id=\"255\" class=\"elementor elementor-255\">\n\t\t\t\t<div class=\"elementor-element elementor-element-ehja3obj twbb_section e-flex e-con-boxed e-con e-parent\" data-id=\"ehja3obj\" data-element_type=\"container\">\n\t\t\t\t\t<div class=\"e-con-inner\">\n\t\t\t\t<div class=\"elementor-element elementor-element-3rbkt8tk elementor-widget__width-initial elementor-widget-mobile__width-inherit elementor-widget-tablet__width-initial elementor-invisible elementor-widget elementor-widget-heading\" data-id=\"3rbkt8tk\" data-element_type=\"widget\" data-settings=\"{&quot;_animation&quot;:&quot;fadeInUp&quot;}\" data-widget_type=\"heading.default\">\n\t\t\t\t<div class=\"elementor-widget-container\">\n\t\t\t\t\t<h1 class=\"elementor-heading-title elementor-size-default\">Conditions G\u00e9n\u00e9rales<\/h1>\t\t\t\t<\/div>\n\t\t\t\t<\/div>\n\t\t\t\t\t<\/div>\n\t\t\t\t<\/div>\n\t\t<div class=\"elementor-element elementor-element-5fk9jhwh twbb_section e-flex e-con-boxed e-con e-parent\" data-id=\"5fk9jhwh\" data-element_type=\"container\">\n\t\t\t\t\t<div class=\"e-con-inner\">\n\t\t\t\t<div class=\"elementor-element elementor-element-tj5e1szc elementor-widget__width-initial elementor-widget-mobile__width-inherit elementor-widget-tablet__width-initial elementor-invisible elementor-widget elementor-widget-text-editor\" data-id=\"tj5e1szc\" data-element_type=\"widget\" data-settings=\"{&quot;_animation&quot;:&quot;fadeInUp&quot;}\" data-widget_type=\"text-editor.default\">\n\t\t\t\t<div class=\"elementor-widget-container\">\n\t\t\t\t\t\t\t\t\t<p><strong>1. Introduction<\/strong><br>Ces Conditions G\u00e9n\u00e9rales d'Utilisation r\u00e9gissent votre utilisation du site web ADNETS et des services fournis par ADNETS. En acc\u00e9dant \u00e0 nos services ou en les utilisant, vous acceptez de respecter ces conditions. Si vous n'\u00eates pas d'accord avec une partie de ces conditions, vous ne devez pas utiliser nos services.<\/p><br><p><strong>2. Services<\/strong><br>ADNETS propose des services de conseil en informatique et d'infrastructures haut de gamme, adapt\u00e9s aux petites et moyennes entreprises. Nous nous r\u00e9servons le droit de modifier ou d\u2019interrompre tout service \u00e0 tout moment et sans pr\u00e9avis.<\/p><br><p><strong>3. Responsabilit\u00e9s du Client<\/strong><br>Les clients sont responsables de fournir des informations exactes et de s'assurer qu'ils disposent des droits n\u00e9cessaires pour utiliser tout mat\u00e9riel fourni \u00e0 ADNETS. Les clients doivent \u00e9galement se conformer \u00e0 toutes les lois et r\u00e9glementations en vigueur lors de l'utilisation de nos services.<\/p><br><p><strong>4. Conditions de Paiement<\/strong><br>Les clients sont tenus de fournir des informations pr\u00e9cises et de garantir qu'ils poss\u00e8dent les droits n\u00e9cessaires pour utiliser tout mat\u00e9riel transmis \u00e0 ADNETS. Ils doivent \u00e9galement respecter toutes les lois et r\u00e9glementations applicables lors de l'utilisation de nos services.<\/p><br><p><strong>5. Limitation de Responsabilit\u00e9<\/strong><br>ADNETS ne pourra \u00eatre tenu responsable des dommages indirects, accessoires ou cons\u00e9cutifs d\u00e9coulant de l'utilisation de nos services. Notre responsabilit\u00e9 totale ne d\u00e9passera pas le montant pay\u00e9 par le client pour les services concern\u00e9s.<\/p><br><p><strong>6. Propri\u00e9t\u00e9 Intellectuelle<\/strong><br>Tous les contenus, marques d\u00e9pos\u00e9es et autres \u00e9l\u00e9ments de propri\u00e9t\u00e9 intellectuelle pr\u00e9sents sur le site web d\u2019ADNETS sont la propri\u00e9t\u00e9 d\u2019ADNETS ou de ses conc\u00e9dants. Vous ne pouvez pas reproduire, distribuer ou cr\u00e9er des \u0153uvres d\u00e9riv\u00e9es sans notre consentement \u00e9crit explicite.<\/p><br><p><strong>7. Droit Applicable<\/strong><br>Ces Conditions G\u00e9n\u00e9rales d'Utilisation sont r\u00e9gies par les lois de la France et doivent \u00eatre interpr\u00e9t\u00e9es conform\u00e9ment \u00e0 celles-ci. Tout litige d\u00e9coulant de ces conditions sera soumis \u00e0 la juridiction exclusive des tribunaux de Libourne, France.<\/p><br><p><strong>8. Modifications des Conditions<\/strong><br>ADNETS se r\u00e9serve le droit de modifier ces Conditions G\u00e9n\u00e9rales d'Utilisation \u00e0 tout moment. Toute modification prendra effet imm\u00e9diatement apr\u00e8s sa publication sur notre site web. Votre utilisation continue de nos services apr\u00e8s ces modifications constitue votre acceptation des nouvelles conditions.<\/p>\t\t\t\t\t\t\t\t<\/div>\n\t\t\t\t<\/div>\n\t\t\t\t\t<\/div>\n\t\t\t\t<\/div>\n\t\t\t\t<\/div>","protected":false},"excerpt":{"rendered":"<p>Terms and Conditions 1. IntroductionThese Terms and Conditions govern your use of the ADNETS website and the services provided by ADNETS. By accessing or using our services, you agree to comply with these terms. If you do not agree with any part of these terms, you must not use our services. 2. ServicesADNETS offers premium [&hellip;]<\/p>","protected":false},"author":0,"featured_media":0,"parent":0,"menu_order":0,"comment_status":"closed","ping_status":"publish","template":"","meta":{"two_page_speed":[],"footnotes":""},"class_list":["post-255","page","type-page","status-publish","hentry"],"_links":{"self":[{"href":"https:\/\/www.adnets.fr\/fr\/wp-json\/wp\/v2\/pages\/255","targetHints":{"allow":["GET"]}}],"collection":[{"href":"https:\/\/www.adnets.fr\/fr\/wp-json\/wp\/v2\/pages"}],"about":[{"href":"https:\/\/www.adnets.fr\/fr\/wp-json\/wp\/v2\/types\/page"}],"replies":[{"embeddable":true,"href":"https:\/\/www.adnets.fr\/fr\/wp-json\/wp\/v2\/comments?post=255"}],"version-history":[{"count":7,"href":"https:\/\/www.adnets.fr\/fr\/wp-json\/wp\/v2\/pages\/255\/revisions"}],"predecessor-version":[{"id":607,"href":"https:\/\/www.adnets.fr\/fr\/wp-json\/wp\/v2\/pages\/255\/revisions\/607"}],"wp:attachment":[{"href":"https:\/\/www.adnets.fr\/fr\/wp-json\/wp\/v2\/media?parent=255"}],"curies":[{"name":"wp","href":"https:\/\/api.w.org\/{rel}","templated":true}]}}